{"id":569,"date":"2022-08-17T05:12:26","date_gmt":"2022-08-17T05:12:26","guid":{"rendered":"https:\/\/sarainternationalbeauty.net\/inicio\/?post_type=product&#038;p=569"},"modified":"2022-09-17T02:52:37","modified_gmt":"2022-09-17T02:52:37","slug":"curso-de-microblanding","status":"publish","type":"product","link":"https:\/\/sarainternationalbeauty.net\/inicio\/producto\/curso-de-microblanding\/","title":{"rendered":"Curso de Microblanding"},"content":{"rendered":"<p><span style=\"color: #ffffff;\">Aprende en el curso de microblanding las t\u00e9cnicas semi-permanentes de dise\u00f1o de cejas punto por punto m\u00e1s rentables y de mayor crecimiento en el mercado.<\/span><\/p>\n","protected":false},"excerpt":{"rendered":"<p>Aprende en el curso de microblanding las t\u00e9cnicas semi-permanentes de dise\u00f1o de cejas punto por punto m\u00e1s rentables y de&hellip;<\/p>\n","protected":false},"featured_media":845,"comment_status":"open","ping_status":"closed","template":"","meta":{"_joinchat":{"message_text":"Insr\u00edbete Hoy"}},"product_cat":[57],"product_tag":[],"class_list":{"0":"post-569","1":"product","2":"type-product","3":"status-publish","4":"has-post-thumbnail","6":"product_cat-cursos-ibd","8":"first","9":"instock","10":"virtual","11":"purchasable","12":"product-type-simple"},"aioseo_notices":[],"_links":{"self":[{"href":"https:\/\/sarainternationalbeauty.net\/inicio\/wp-json\/wp\/v2\/product\/569","targetHints":{"allow":["GET"]}}],"collection":[{"href":"https:\/\/sarainternationalbeauty.net\/inicio\/wp-json\/wp\/v2\/product"}],"about":[{"href":"https:\/\/sarainternationalbeauty.net\/inicio\/wp-json\/wp\/v2\/types\/product"}],"replies":[{"embeddable":true,"href":"https:\/\/sarainternationalbeauty.net\/inicio\/wp-json\/wp\/v2\/comments?post=569"}],"wp:featuredmedia":[{"embeddable":true,"href":"https:\/\/sarainternationalbeauty.net\/inicio\/wp-json\/wp\/v2\/media\/845"}],"wp:attachment":[{"href":"https:\/\/sarainternationalbeauty.net\/inicio\/wp-json\/wp\/v2\/media?parent=569"}],"wp:term":[{"taxonomy":"product_cat","embeddable":true,"href":"https:\/\/sarainternationalbeauty.net\/inicio\/wp-json\/wp\/v2\/product_cat?post=569"},{"taxonomy":"product_tag","embeddable":true,"href":"https:\/\/sarainternationalbeauty.net\/inicio\/wp-json\/wp\/v2\/product_tag?post=569"}],"curies":[{"name":"wp","href":"https:\/\/api.w.org\/{rel}","templated":true}]}}