{"id":567,"date":"2022-08-17T05:02:35","date_gmt":"2022-08-17T05:02:35","guid":{"rendered":"https:\/\/sarainternationalbeauty.net\/inicio\/?post_type=product&#038;p=567"},"modified":"2022-09-17T02:53:11","modified_gmt":"2022-09-17T02:53:11","slug":"curso-de-extensiones-de-pestana","status":"publish","type":"product","link":"https:\/\/sarainternationalbeauty.net\/inicio\/producto\/curso-de-extensiones-de-pestana\/","title":{"rendered":"Curso de Extensiones de Pesta\u00f1a"},"content":{"rendered":"<p><span style=\"color: #ffffff;\">Convi\u00e9rtete en un profesional de la mirada. Aprender\u00e1s todo sobre c\u00f3mo aplicar correctamente planchados, alisados, vol\u00famenes y extensiones de pesta\u00f1a.<\/span><\/p>\n","protected":false},"excerpt":{"rendered":"<p>En una zona donde la medici\u00f3n es la clave, aprender\u00e1s todo sobre c\u00f3mo aplicar correctamente.<br \/>\nPlanchados, alisados, vol\u00famenes y extensiones.<\/p>\n","protected":false},"featured_media":846,"comment_status":"open","ping_status":"closed","template":"","meta":{"_joinchat":{"message_text":"Inscr\u00edbete Aqu\u00ed"}},"product_cat":[57],"product_tag":[],"class_list":{"0":"post-567","1":"product","2":"type-product","3":"status-publish","4":"has-post-thumbnail","6":"product_cat-cursos-ibd","8":"first","9":"instock","10":"virtual","11":"purchasable","12":"product-type-simple"},"aioseo_notices":[],"_links":{"self":[{"href":"https:\/\/sarainternationalbeauty.net\/inicio\/wp-json\/wp\/v2\/product\/567","targetHints":{"allow":["GET"]}}],"collection":[{"href":"https:\/\/sarainternationalbeauty.net\/inicio\/wp-json\/wp\/v2\/product"}],"about":[{"href":"https:\/\/sarainternationalbeauty.net\/inicio\/wp-json\/wp\/v2\/types\/product"}],"replies":[{"embeddable":true,"href":"https:\/\/sarainternationalbeauty.net\/inicio\/wp-json\/wp\/v2\/comments?post=567"}],"wp:featuredmedia":[{"embeddable":true,"href":"https:\/\/sarainternationalbeauty.net\/inicio\/wp-json\/wp\/v2\/media\/846"}],"wp:attachment":[{"href":"https:\/\/sarainternationalbeauty.net\/inicio\/wp-json\/wp\/v2\/media?parent=567"}],"wp:term":[{"taxonomy":"product_cat","embeddable":true,"href":"https:\/\/sarainternationalbeauty.net\/inicio\/wp-json\/wp\/v2\/product_cat?post=567"},{"taxonomy":"product_tag","embeddable":true,"href":"https:\/\/sarainternationalbeauty.net\/inicio\/wp-json\/wp\/v2\/product_tag?post=567"}],"curies":[{"name":"wp","href":"https:\/\/api.w.org\/{rel}","templated":true}]}}